{"id":12,"date":"2025-09-04T11:42:51","date_gmt":"2025-09-04T09:42:51","guid":{"rendered":"https:\/\/elementa-uitikon.ch\/?page_id=12"},"modified":"2026-02-26T10:12:30","modified_gmt":"2026-02-26T09:12:30","slug":"highlights","status":"publish","type":"page","link":"https:\/\/www.elementa-uitikon.ch\/terra\/","title":{"rendered":"Highlights"},"content":{"rendered":"\t\t<div data-elementor-type=\"wp-page\" data-elementor-id=\"12\" class=\"elementor elementor-12\" data-elementor-post-type=\"page\">\n\t\t\t\t<div class=\"elementor-element elementor-element-f51c43c e-flex e-con-boxed e-con e-parent\" data-id=\"f51c43c\" data-element_type=\"container\" data-e-type=\"container\">\n\t\t\t\t\t<div class=\"e-con-inner\">\n\t\t<div class=\"elementor-element elementor-element-325fa48 e-con-full e-flex e-con e-child\" data-id=\"325fa48\" data-element_type=\"container\" data-e-type=\"container\">\n\t\t\t\t<div class=\"elementor-element elementor-element-09981b4 bigimg elementor-widget elementor-widget-image\" data-id=\"09981b4\" data-element_type=\"widget\" data-e-type=\"widget\" data-widget_type=\"image.default\">\n\t\t\t\t\t\t\t\t\t\t\t\t\t\t\t<img fetchpriority=\"high\" decoding=\"async\" width=\"2310\" height=\"2560\" src=\"https:\/\/www.elementa-uitikon.ch\/terra\/wp-content\/uploads\/2025\/10\/Highlights_Bild1_web2-scaled.jpg\" class=\"attachment-full size-full wp-image-1560\" alt=\"\" srcset=\"https:\/\/www.elementa-uitikon.ch\/terra\/wp-content\/uploads\/2025\/10\/Highlights_Bild1_web2-scaled.jpg 2310w, https:\/\/www.elementa-uitikon.ch\/terra\/wp-content\/uploads\/2025\/10\/Highlights_Bild1_web2-271x300.jpg 271w, https:\/\/www.elementa-uitikon.ch\/terra\/wp-content\/uploads\/2025\/10\/Highlights_Bild1_web2-924x1024.jpg 924w, https:\/\/www.elementa-uitikon.ch\/terra\/wp-content\/uploads\/2025\/10\/Highlights_Bild1_web2-768x851.jpg 768w, https:\/\/www.elementa-uitikon.ch\/terra\/wp-content\/uploads\/2025\/10\/Highlights_Bild1_web2-1386x1536.jpg 1386w, https:\/\/www.elementa-uitikon.ch\/terra\/wp-content\/uploads\/2025\/10\/Highlights_Bild1_web2-1848x2048.jpg 1848w\" sizes=\"(max-width: 2310px) 100vw, 2310px\" \/>\t\t\t\t\t\t\t\t\t\t\t\t\t\t\t<\/div>\n\t\t\t\t<\/div>\n\t\t<div class=\"elementor-element elementor-element-994700b e-con-full e-flex e-con e-child\" data-id=\"994700b\" data-element_type=\"container\" data-e-type=\"container\">\n\t\t<div class=\"elementor-element elementor-element-7d201f7 e-con-full e-flex e-con e-child\" data-id=\"7d201f7\" data-element_type=\"container\" data-e-type=\"container\">\n\t\t\t\t<div class=\"elementor-element elementor-element-da617a2 elementor-invisible elementor-widget elementor-widget-heading\" data-id=\"da617a2\" data-element_type=\"widget\" data-e-type=\"widget\" data-settings=\"{&quot;_animation&quot;:&quot;slideInRight&quot;,&quot;_animation_tablet&quot;:&quot;slideInLeft&quot;,&quot;_animation_delay&quot;:0}\" data-widget_type=\"heading.default\">\n\t\t\t\t\t<h1 class=\"elementor-heading-title elementor-size-default\">Willkommen<br>\nin \u00abTERRA\u00bb<\/h1>\t\t\t\t<\/div>\n\t\t\t\t<div class=\"elementor-element elementor-element-1086714 elementor-invisible elementor-widget elementor-widget-heading\" data-id=\"1086714\" data-element_type=\"widget\" data-e-type=\"widget\" data-settings=\"{&quot;_animation&quot;:&quot;slideInRight&quot;,&quot;_animation_tablet&quot;:&quot;slideInLeft&quot;,&quot;_animation_delay&quot;:300}\" data-widget_type=\"heading.default\">\n\t\t\t\t\t<h5 class=\"elementor-heading-title elementor-size-default\">Stallikerstrasse 53A, 53B | 8142 Uitikon<\/h5>\t\t\t\t<\/div>\n\t\t\t\t<\/div>\n\t\t<div class=\"elementor-element elementor-element-94762b2 e-con-full e-flex elementor-invisible e-con e-child\" data-id=\"94762b2\" data-element_type=\"container\" data-e-type=\"container\" data-settings=\"{&quot;animation&quot;:&quot;fadeIn&quot;,&quot;animation_delay&quot;:800}\">\n\t\t\t\t<div class=\"elementor-element elementor-element-14c37a8 elementor-widget elementor-widget-text-editor\" data-id=\"14c37a8\" data-element_type=\"widget\" data-e-type=\"widget\" data-widget_type=\"text-editor.default\">\n\t\t\t\t\t\t\t\t\t<p>Elementa vereint \u00abTERRA\u00bb, \u00abARIA\u00bb und \u00abAQUA\u00bb \u2013 drei eigenst\u00e4ndige Wohnwelten, die Exklusivit\u00e4t, Naturverbundenheit und architektonische Klarheit von bleibendem Wert verbinden.<\/p><p>Das Projekt \u00abTERRA\u00bb kombiniert naturnahes Wohnen mit stilvoller Gestaltung: Zwei Mehrfamilienh\u00e4user mit je zwei ger\u00e4umigen Maisonette-Wohnungen verbinden das Raumgef\u00fchl eines Einfamilienhauses mit der Leichtigkeit modernen Designs.<\/p><p>Grossz\u00fcgige Aussenfl\u00e4chen, eine hochwertige Materialwahl und flexible Gestaltungsm\u00f6glichkeiten setzen Massst\u00e4be in Sachen Wohnqualit\u00e4t.<\/p>\t\t\t\t\t\t\t\t<\/div>\n\t\t\t\t<\/div>\n\t\t\t\t<\/div>\n\t\t\t\t\t<\/div>\n\t\t\t\t<\/div>\n\t\t<div class=\"elementor-element elementor-element-3c4e743 e-flex e-con-boxed e-con e-parent\" data-id=\"3c4e743\" data-element_type=\"container\" data-e-type=\"container\" data-settings=\"{&quot;background_background&quot;:&quot;classic&quot;,&quot;shape_divider_bottom&quot;:&quot;tilt&quot;}\">\n\t\t\t\t\t<div class=\"e-con-inner\">\n\t\t\t\t<div class=\"elementor-shape elementor-shape-bottom\" aria-hidden=\"true\" data-negative=\"false\">\n\t\t\t<svg xmlns=\"http:\/\/www.w3.org\/2000\/svg\" viewBox=\"0 0 1000 100\" preserveAspectRatio=\"none\">\n\t<path class=\"elementor-shape-fill\" d=\"M0,6V0h1000v100L0,6z\"\/>\n<\/svg>\t\t<\/div>\n\t\t<div class=\"elementor-element elementor-element-0c04609 e-con-full width600 e-flex e-con e-child\" data-id=\"0c04609\" data-element_type=\"container\" data-e-type=\"container\">\n\t\t<div class=\"elementor-element elementor-element-ebe0d32 e-con-full e-flex elementor-invisible e-con e-child\" data-id=\"ebe0d32\" data-element_type=\"container\" data-e-type=\"container\" data-settings=\"{&quot;animation&quot;:&quot;fadeIn&quot;,&quot;animation_delay&quot;:800}\">\n\t\t\t\t<div class=\"elementor-element elementor-element-36a4879 elementor-widget elementor-widget-text-editor\" data-id=\"36a4879\" data-element_type=\"widget\" data-e-type=\"widget\" data-widget_type=\"text-editor.default\">\n\t\t\t\t\t\t\t\t\t<p>Mit \u00abTERRA\u00bb entsteht damit ein Zuhause f\u00fcr Menschen, die mehr als Wohnen suchen \u2013 ein R\u00fcckzugsort, der Exklusivit\u00e4t, Natur und die N\u00e4he zur pulsierenden Stadt Z\u00fcrich zu einem harmonischen Ganzen vereint.<\/p>\t\t\t\t\t\t\t\t<\/div>\n\t\t\t\t<div class=\"elementor-element elementor-element-5906e45 button_costum elementor-align-justify elementor-widget elementor-widget-button\" data-id=\"5906e45\" data-element_type=\"widget\" data-e-type=\"widget\" data-widget_type=\"button.default\">\n\t\t\t\t\t\t\t\t\t\t<a class=\"elementor-button elementor-button-link elementor-size-sm\" href=\"\/terra\/angebot\/\">\n\t\t\t\t\t\t<span class=\"elementor-button-content-wrapper\">\n\t\t\t\t\t\t\t\t\t<span class=\"elementor-button-text\">zum angebot<\/span>\n\t\t\t\t\t<\/span>\n\t\t\t\t\t<\/a>\n\t\t\t\t\t\t\t\t<\/div>\n\t\t\t\t<\/div>\n\t\t\t\t<\/div>\n\t\t<div class=\"elementor-element elementor-element-b8b108e e-con-full slider e-flex e-con e-child\" data-id=\"b8b108e\" data-element_type=\"container\" data-e-type=\"container\">\n\t\t\t\t<div class=\"elementor-element elementor-element-0acf813 elementor-pagination-type-bullets elementor-pagination-position-outside elementor-widget elementor-widget-n-carousel\" data-id=\"0acf813\" data-element_type=\"widget\" data-e-type=\"widget\" data-settings=\"{&quot;carousel_items&quot;:[{&quot;slide_title&quot;:&quot;Slide #1&quot;,&quot;_id&quot;:&quot;987d9bf&quot;},{&quot;slide_title&quot;:&quot;Slide #1&quot;,&quot;_id&quot;:&quot;64a36a6&quot;},{&quot;slide_title&quot;:&quot;Slide #1&quot;,&quot;_id&quot;:&quot;949c774&quot;}],&quot;slides_to_show&quot;:&quot;1&quot;,&quot;slides_to_show_tablet&quot;:&quot;1&quot;,&quot;slides_to_scroll&quot;:&quot;1&quot;,&quot;autoplay_speed&quot;:4000,&quot;speed&quot;:700,&quot;image_spacing_custom&quot;:{&quot;unit&quot;:&quot;px&quot;,&quot;size&quot;:24,&quot;sizes&quot;:[]},&quot;slides_to_show_mobile&quot;:&quot;1&quot;,&quot;autoplay&quot;:&quot;yes&quot;,&quot;pause_on_hover&quot;:&quot;yes&quot;,&quot;pause_on_interaction&quot;:&quot;yes&quot;,&quot;infinite&quot;:&quot;yes&quot;,&quot;offset_sides&quot;:&quot;none&quot;,&quot;pagination&quot;:&quot;bullets&quot;,&quot;image_spacing_custom_tablet&quot;:{&quot;unit&quot;:&quot;px&quot;,&quot;size&quot;:&quot;&quot;,&quot;sizes&quot;:[]},&quot;image_spacing_custom_mobile&quot;:{&quot;unit&quot;:&quot;px&quot;,&quot;size&quot;:&quot;&quot;,&quot;sizes&quot;:[]}}\" data-widget_type=\"nested-carousel.default\">\n\t\t\t\t\t\t\t<div class=\"e-n-carousel swiper\" role=\"region\" aria-roledescription=\"carousel\" aria-label=\"Carousel\" dir=\"ltr\">\n\t\t\t<div class=\"swiper-wrapper\" aria-live=\"off\">\n\t\t\t\t\t\t\t\t\t\t<div class=\"swiper-slide\" data-slide=\"1\" role=\"group\" aria-roledescription=\"slide\" aria-label=\"1 of 3\">\n\t\t\t\t\t\t\t<div class=\"elementor-element elementor-element-ed83108 e-flex e-con-boxed e-con e-child\" data-id=\"ed83108\" data-element_type=\"container\" data-e-type=\"container\">\n\t\t\t\t\t<div class=\"e-con-inner\">\n\t\t<div class=\"elementor-element elementor-element-1c9a025 e-con-full bigimg__box e-flex e-con e-child\" data-id=\"1c9a025\" data-element_type=\"container\" data-e-type=\"container\">\n\t\t\t\t<div class=\"elementor-element elementor-element-24dd058 bigimg bigimg__right elementor-widget elementor-widget-image\" data-id=\"24dd058\" data-element_type=\"widget\" data-e-type=\"widget\" data-widget_type=\"image.default\">\n\t\t\t\t\t\t\t\t\t\t\t\t\t\t\t<img decoding=\"async\" width=\"1492\" height=\"1065\" src=\"https:\/\/www.elementa-uitikon.ch\/terra\/wp-content\/uploads\/2025\/10\/Highlights_FINAL-Galerie-01c.jpg\" class=\"attachment-full size-full wp-image-1581\" alt=\"\" srcset=\"https:\/\/www.elementa-uitikon.ch\/terra\/wp-content\/uploads\/2025\/10\/Highlights_FINAL-Galerie-01c.jpg 1492w, https:\/\/www.elementa-uitikon.ch\/terra\/wp-content\/uploads\/2025\/10\/Highlights_FINAL-Galerie-01c-300x214.jpg 300w, https:\/\/www.elementa-uitikon.ch\/terra\/wp-content\/uploads\/2025\/10\/Highlights_FINAL-Galerie-01c-1024x731.jpg 1024w, https:\/\/www.elementa-uitikon.ch\/terra\/wp-content\/uploads\/2025\/10\/Highlights_FINAL-Galerie-01c-768x548.jpg 768w\" sizes=\"(max-width: 1492px) 100vw, 1492px\" \/>\t\t\t\t\t\t\t\t\t\t\t\t\t\t\t<\/div>\n\t\t\t\t<\/div>\n\t\t\t\t\t<\/div>\n\t\t\t\t<\/div>\n\t\t\t\t\t\t\t\t<\/div>\n\t\t\t\t\t\t\t\t\t\t\t<div class=\"swiper-slide\" data-slide=\"2\" role=\"group\" aria-roledescription=\"slide\" aria-label=\"2 of 3\">\n\t\t\t\t\t\t\t<div class=\"elementor-element elementor-element-2d0e45a e-flex e-con-boxed e-con e-child\" data-id=\"2d0e45a\" data-element_type=\"container\" data-e-type=\"container\">\n\t\t\t\t\t<div class=\"e-con-inner\">\n\t\t<div class=\"elementor-element elementor-element-a39e882 e-con-full bigimg__box e-flex e-con e-child\" data-id=\"a39e882\" data-element_type=\"container\" data-e-type=\"container\">\n\t\t\t\t<div class=\"elementor-element elementor-element-fd71e6e bigimg bigimg__right elementor-widget elementor-widget-image\" data-id=\"fd71e6e\" data-element_type=\"widget\" data-e-type=\"widget\" data-widget_type=\"image.default\">\n\t\t\t\t\t\t\t\t\t\t\t\t\t\t\t<img decoding=\"async\" width=\"1492\" height=\"1065\" src=\"https:\/\/www.elementa-uitikon.ch\/terra\/wp-content\/uploads\/2025\/10\/Highlights_FINAL-Galerie-02b.jpg\" class=\"attachment-full size-full wp-image-1616\" alt=\"\" srcset=\"https:\/\/www.elementa-uitikon.ch\/terra\/wp-content\/uploads\/2025\/10\/Highlights_FINAL-Galerie-02b.jpg 1492w, https:\/\/www.elementa-uitikon.ch\/terra\/wp-content\/uploads\/2025\/10\/Highlights_FINAL-Galerie-02b-300x214.jpg 300w, https:\/\/www.elementa-uitikon.ch\/terra\/wp-content\/uploads\/2025\/10\/Highlights_FINAL-Galerie-02b-1024x731.jpg 1024w, https:\/\/www.elementa-uitikon.ch\/terra\/wp-content\/uploads\/2025\/10\/Highlights_FINAL-Galerie-02b-768x548.jpg 768w\" sizes=\"(max-width: 1492px) 100vw, 1492px\" \/>\t\t\t\t\t\t\t\t\t\t\t\t\t\t\t<\/div>\n\t\t\t\t<\/div>\n\t\t\t\t\t<\/div>\n\t\t\t\t<\/div>\n\t\t\t\t\t\t\t\t<\/div>\n\t\t\t\t\t\t\t\t\t\t\t<div class=\"swiper-slide\" data-slide=\"3\" role=\"group\" aria-roledescription=\"slide\" aria-label=\"3 of 3\">\n\t\t\t\t\t\t\t<div class=\"elementor-element elementor-element-faf4569 e-flex e-con-boxed e-con e-child\" data-id=\"faf4569\" data-element_type=\"container\" data-e-type=\"container\">\n\t\t\t\t\t<div class=\"e-con-inner\">\n\t\t<div class=\"elementor-element elementor-element-1f14a18 e-con-full bigimg__box e-flex e-con e-child\" data-id=\"1f14a18\" data-element_type=\"container\" data-e-type=\"container\">\n\t\t\t\t<div class=\"elementor-element elementor-element-fabfc83 bigimg bigimg__right elementor-widget elementor-widget-image\" data-id=\"fabfc83\" data-element_type=\"widget\" data-e-type=\"widget\" data-widget_type=\"image.default\">\n\t\t\t\t\t\t\t\t\t\t\t\t\t\t\t<img loading=\"lazy\" decoding=\"async\" width=\"1492\" height=\"1065\" src=\"https:\/\/www.elementa-uitikon.ch\/terra\/wp-content\/uploads\/2025\/10\/Highlights_FINAL-Galerie-03.jpg\" class=\"attachment-full size-full wp-image-1577\" alt=\"\" srcset=\"https:\/\/www.elementa-uitikon.ch\/terra\/wp-content\/uploads\/2025\/10\/Highlights_FINAL-Galerie-03.jpg 1492w, https:\/\/www.elementa-uitikon.ch\/terra\/wp-content\/uploads\/2025\/10\/Highlights_FINAL-Galerie-03-300x214.jpg 300w, https:\/\/www.elementa-uitikon.ch\/terra\/wp-content\/uploads\/2025\/10\/Highlights_FINAL-Galerie-03-1024x731.jpg 1024w, https:\/\/www.elementa-uitikon.ch\/terra\/wp-content\/uploads\/2025\/10\/Highlights_FINAL-Galerie-03-768x548.jpg 768w\" sizes=\"(max-width: 1492px) 100vw, 1492px\" \/>\t\t\t\t\t\t\t\t\t\t\t\t\t\t\t<\/div>\n\t\t\t\t<\/div>\n\t\t\t\t\t<\/div>\n\t\t\t\t<\/div>\n\t\t\t\t\t\t\t\t<\/div>\n\t\t\t\t\t\t\t\t<\/div>\n\t\t<\/div>\n\t\t\t\t\t<div class=\"swiper-pagination\"><\/div>\n\t\t\t\t\t\t<\/div>\n\t\t\t\t<\/div>\n\t\t\t\t\t<\/div>\n\t\t\t\t<\/div>\n\t\t\t\t<\/div>\n\t\t","protected":false},"excerpt":{"rendered":"<p>Willkommen in \u00abTERRA\u00bb Stallikerstrasse 53A, 53B | 8142 Uitikon Elementa vereint \u00abTERRA\u00bb, \u00abARIA\u00bb und \u00abAQUA\u00bb \u2013 drei eigenst\u00e4ndige Wohnwelten, die Exklusivit\u00e4t, Naturverbundenheit und architektonische Klarheit von bleibendem Wert verbinden. Das Projekt \u00abTERRA\u00bb kombiniert naturnahes Wohnen mit stilvoller Gestaltung: Zwei Mehrfamilienh\u00e4user mit je zwei ger\u00e4umigen Maisonette-Wohnungen verbinden das Raumgef\u00fchl eines Einfamilienhauses mit der Leichtigkeit modernen Designs. [&hellip;]<\/p>\n","protected":false},"author":1,"featured_media":0,"parent":0,"menu_order":0,"comment_status":"closed","ping_status":"closed","template":"","meta":{"footnotes":""},"class_list":["post-12","page","type-page","status-publish","hentry"],"_links":{"self":[{"href":"https:\/\/www.elementa-uitikon.ch\/terra\/wp-json\/wp\/v2\/pages\/12","targetHints":{"allow":["GET"]}}],"collection":[{"href":"https:\/\/www.elementa-uitikon.ch\/terra\/wp-json\/wp\/v2\/pages"}],"about":[{"href":"https:\/\/www.elementa-uitikon.ch\/terra\/wp-json\/wp\/v2\/types\/page"}],"author":[{"embeddable":true,"href":"https:\/\/www.elementa-uitikon.ch\/terra\/wp-json\/wp\/v2\/users\/1"}],"replies":[{"embeddable":true,"href":"https:\/\/www.elementa-uitikon.ch\/terra\/wp-json\/wp\/v2\/comments?post=12"}],"version-history":[{"count":227,"href":"https:\/\/www.elementa-uitikon.ch\/terra\/wp-json\/wp\/v2\/pages\/12\/revisions"}],"predecessor-version":[{"id":1796,"href":"https:\/\/www.elementa-uitikon.ch\/terra\/wp-json\/wp\/v2\/pages\/12\/revisions\/1796"}],"wp:attachment":[{"href":"https:\/\/www.elementa-uitikon.ch\/terra\/wp-json\/wp\/v2\/media?parent=12"}],"curies":[{"name":"wp","href":"https:\/\/api.w.org\/{rel}","templated":true}]}}