{"id":314,"date":"2025-09-05T17:38:03","date_gmt":"2025-09-05T15:38:03","guid":{"rendered":"https:\/\/elementa-uitikon.ch\/?page_id=314"},"modified":"2025-10-31T09:55:59","modified_gmt":"2025-10-31T08:55:59","slug":"galerie","status":"publish","type":"page","link":"https:\/\/www.elementa-uitikon.ch\/terra\/galerie\/","title":{"rendered":"Galerie"},"content":{"rendered":"\t\t<div data-elementor-type=\"wp-page\" data-elementor-id=\"314\" class=\"elementor elementor-314\" data-elementor-post-type=\"page\">\n\t\t\t\t<div class=\"elementor-element elementor-element-fb27290 e-flex e-con-boxed e-con e-parent\" data-id=\"fb27290\" data-element_type=\"container\" data-e-type=\"container\">\n\t\t\t\t\t<div class=\"e-con-inner\">\n\t\t<div class=\"elementor-element elementor-element-f9c673a e-con-full e-flex e-con e-child\" data-id=\"f9c673a\" data-element_type=\"container\" data-e-type=\"container\">\n\t\t\t\t<div class=\"elementor-element elementor-element-c0483d8 bigimg elementor-widget elementor-widget-image\" data-id=\"c0483d8\" data-element_type=\"widget\" data-e-type=\"widget\" data-widget_type=\"image.default\">\n\t\t\t\t\t\t\t\t\t\t\t\t\t\t\t<img fetchpriority=\"high\" decoding=\"async\" width=\"2560\" height=\"2560\" src=\"https:\/\/www.elementa-uitikon.ch\/terra\/wp-content\/uploads\/2025\/10\/TERRA_Galerie-Start_02-scaled.jpg\" class=\"attachment-full size-full wp-image-1656\" alt=\"\" srcset=\"https:\/\/www.elementa-uitikon.ch\/terra\/wp-content\/uploads\/2025\/10\/TERRA_Galerie-Start_02-scaled.jpg 2560w, https:\/\/www.elementa-uitikon.ch\/terra\/wp-content\/uploads\/2025\/10\/TERRA_Galerie-Start_02-300x300.jpg 300w, https:\/\/www.elementa-uitikon.ch\/terra\/wp-content\/uploads\/2025\/10\/TERRA_Galerie-Start_02-1024x1024.jpg 1024w, https:\/\/www.elementa-uitikon.ch\/terra\/wp-content\/uploads\/2025\/10\/TERRA_Galerie-Start_02-150x150.jpg 150w, https:\/\/www.elementa-uitikon.ch\/terra\/wp-content\/uploads\/2025\/10\/TERRA_Galerie-Start_02-768x768.jpg 768w, https:\/\/www.elementa-uitikon.ch\/terra\/wp-content\/uploads\/2025\/10\/TERRA_Galerie-Start_02-1536x1536.jpg 1536w, https:\/\/www.elementa-uitikon.ch\/terra\/wp-content\/uploads\/2025\/10\/TERRA_Galerie-Start_02-2048x2048.jpg 2048w\" sizes=\"(max-width: 2560px) 100vw, 2560px\" \/>\t\t\t\t\t\t\t\t\t\t\t\t\t\t\t<\/div>\n\t\t\t\t<\/div>\n\t\t<div class=\"elementor-element elementor-element-95daf55 e-con-full e-flex e-con e-child\" data-id=\"95daf55\" data-element_type=\"container\" data-e-type=\"container\">\n\t\t<div class=\"elementor-element elementor-element-d69db10 e-con-full e-flex e-con e-child\" data-id=\"d69db10\" data-element_type=\"container\" data-e-type=\"container\">\n\t\t\t\t<div class=\"elementor-element elementor-element-fd7cd57 elementor-invisible elementor-widget elementor-widget-heading\" data-id=\"fd7cd57\" data-element_type=\"widget\" data-e-type=\"widget\" data-settings=\"{&quot;_animation&quot;:&quot;slideInRight&quot;,&quot;_animation_tablet&quot;:&quot;slideInLeft&quot;,&quot;_animation_delay&quot;:0}\" data-widget_type=\"heading.default\">\n\t\t\t\t\t<h1 class=\"elementor-heading-title elementor-size-default\">Lassen Sie sich von \u00abTERRA\u00bb inspirieren<\/h1>\t\t\t\t<\/div>\n\t\t\t\t<div class=\"elementor-element elementor-element-d6bfe5f elementor-invisible elementor-widget elementor-widget-heading\" data-id=\"d6bfe5f\" data-element_type=\"widget\" data-e-type=\"widget\" data-settings=\"{&quot;_animation&quot;:&quot;slideInRight&quot;,&quot;_animation_tablet&quot;:&quot;slideInLeft&quot;,&quot;_animation_delay&quot;:300}\" data-widget_type=\"heading.default\">\n\t\t\t\t\t<h5 class=\"elementor-heading-title elementor-size-default\">impressionen<\/h5>\t\t\t\t<\/div>\n\t\t\t\t<\/div>\n\t\t<div class=\"elementor-element elementor-element-fe0369a e-con-full e-flex elementor-invisible e-con e-child\" data-id=\"fe0369a\" data-element_type=\"container\" data-e-type=\"container\" data-settings=\"{&quot;animation&quot;:&quot;fadeIn&quot;,&quot;animation_delay&quot;:800}\">\n\t\t\t\t<div class=\"elementor-element elementor-element-ef70218 elementor-widget elementor-widget-text-editor\" data-id=\"ef70218\" data-element_type=\"widget\" data-e-type=\"widget\" data-widget_type=\"text-editor.default\">\n\t\t\t\t\t\t\t\t\t<p>Entdecken Sie \u00abTERRA\u00bb in Bildern: Erleben Sie stilvolles Wohnen mit architektonischer Klarheit.<\/p><p>\u00abTERRA\u00bb bietet eine Auswahl an eleganten Wohnungen \u2013 alle mit sorgf\u00e4ltig komponierten Grundrissen, hochwertigen Materialien und grossz\u00fcgig gestalteten Aussenbereichen.<\/p><p>Ein Zuhause, das Exklusivit\u00e4t, Natur und Stadtn\u00e4he harmonisch miteinander verbindet.<\/p>\t\t\t\t\t\t\t\t<\/div>\n\t\t\t\t<\/div>\n\t\t\t\t<\/div>\n\t\t\t\t\t<\/div>\n\t\t\t\t<\/div>\n\t\t<div class=\"elementor-element elementor-element-151efee animated-slow e-flex e-con-boxed elementor-invisible e-con e-parent\" data-id=\"151efee\" data-element_type=\"container\" data-e-type=\"container\" data-settings=\"{&quot;animation&quot;:&quot;fadeIn&quot;,&quot;background_background&quot;:&quot;classic&quot;,&quot;shape_divider_bottom&quot;:&quot;tilt&quot;}\">\n\t\t\t\t\t<div class=\"e-con-inner\">\n\t\t\t\t<div class=\"elementor-shape elementor-shape-bottom\" aria-hidden=\"true\" data-negative=\"false\">\n\t\t\t<svg xmlns=\"http:\/\/www.w3.org\/2000\/svg\" viewBox=\"0 0 1000 100\" preserveAspectRatio=\"none\">\n\t<path class=\"elementor-shape-fill\" d=\"M0,6V0h1000v100L0,6z\"\/>\n<\/svg>\t\t<\/div>\n\t\t<div class=\"elementor-element elementor-element-5f0f4ae e-con-full fancybox e-flex e-con e-child\" data-id=\"5f0f4ae\" data-element_type=\"container\" data-e-type=\"container\">\n\t\t\t\t<div class=\"elementor-element elementor-element-252dbed gallery-spacing-custom fancybox-gallery-group elementor-widget elementor-widget-image-gallery\" data-id=\"252dbed\" data-element_type=\"widget\" data-e-type=\"widget\" data-widget_type=\"image-gallery.default\">\n\t\t\t\t\t\t\t<div class=\"elementor-image-gallery\">\n\t\t\t<div id='gallery-1' class='gallery galleryid-314 gallery-columns-2 gallery-size-full'><figure class='gallery-item'>\n\t\t\t<div class='gallery-icon landscape'>\n\t\t\t\t<a  href='https:\/\/www.elementa-uitikon.ch\/terra\/wp-content\/uploads\/2025\/10\/Uitikon_Int05_Final_01_web-scaled.jpg'><img decoding=\"async\" width=\"2560\" height=\"1440\" src=\"https:\/\/www.elementa-uitikon.ch\/terra\/wp-content\/uploads\/2025\/10\/Uitikon_Int05_Final_01_web-scaled.jpg\" class=\"attachment-full size-full\" alt=\"\" aria-describedby=\"gallery-1-1605\" srcset=\"https:\/\/www.elementa-uitikon.ch\/terra\/wp-content\/uploads\/2025\/10\/Uitikon_Int05_Final_01_web-scaled.jpg 2560w, https:\/\/www.elementa-uitikon.ch\/terra\/wp-content\/uploads\/2025\/10\/Uitikon_Int05_Final_01_web-300x169.jpg 300w, https:\/\/www.elementa-uitikon.ch\/terra\/wp-content\/uploads\/2025\/10\/Uitikon_Int05_Final_01_web-1024x576.jpg 1024w, https:\/\/www.elementa-uitikon.ch\/terra\/wp-content\/uploads\/2025\/10\/Uitikon_Int05_Final_01_web-768x432.jpg 768w, https:\/\/www.elementa-uitikon.ch\/terra\/wp-content\/uploads\/2025\/10\/Uitikon_Int05_Final_01_web-1536x864.jpg 1536w, https:\/\/www.elementa-uitikon.ch\/terra\/wp-content\/uploads\/2025\/10\/Uitikon_Int05_Final_01_web-2048x1152.jpg 2048w\" sizes=\"(max-width: 2560px) 100vw, 2560px\" \/><\/a>\n\t\t\t<\/div>\n\t\t\t\t<figcaption class='wp-caption-text gallery-caption' id='gallery-1-1605'>\n\t\t\t\tMaisonettewohnung A1 |  Ebene 2\n\t\t\t\t<\/figcaption><\/figure><figure class='gallery-item'>\n\t\t\t<div class='gallery-icon landscape'>\n\t\t\t\t<a  href='https:\/\/www.elementa-uitikon.ch\/terra\/wp-content\/uploads\/2025\/10\/Uitikon_Ext02_Final_V2_02_web-scaled.jpg'><img decoding=\"async\" width=\"2560\" height=\"2140\" src=\"https:\/\/www.elementa-uitikon.ch\/terra\/wp-content\/uploads\/2025\/10\/Uitikon_Ext02_Final_V2_02_web-scaled.jpg\" class=\"attachment-full size-full\" alt=\"\" aria-describedby=\"gallery-1-1585\" srcset=\"https:\/\/www.elementa-uitikon.ch\/terra\/wp-content\/uploads\/2025\/10\/Uitikon_Ext02_Final_V2_02_web-scaled.jpg 2560w, https:\/\/www.elementa-uitikon.ch\/terra\/wp-content\/uploads\/2025\/10\/Uitikon_Ext02_Final_V2_02_web-300x251.jpg 300w, https:\/\/www.elementa-uitikon.ch\/terra\/wp-content\/uploads\/2025\/10\/Uitikon_Ext02_Final_V2_02_web-1024x856.jpg 1024w, https:\/\/www.elementa-uitikon.ch\/terra\/wp-content\/uploads\/2025\/10\/Uitikon_Ext02_Final_V2_02_web-768x642.jpg 768w, https:\/\/www.elementa-uitikon.ch\/terra\/wp-content\/uploads\/2025\/10\/Uitikon_Ext02_Final_V2_02_web-1536x1284.jpg 1536w, https:\/\/www.elementa-uitikon.ch\/terra\/wp-content\/uploads\/2025\/10\/Uitikon_Ext02_Final_V2_02_web-2048x1712.jpg 2048w\" sizes=\"(max-width: 2560px) 100vw, 2560px\" \/><\/a>\n\t\t\t<\/div>\n\t\t\t\t<figcaption class='wp-caption-text gallery-caption' id='gallery-1-1585'>\n\t\t\t\tELEMENTA | Aussenvisualisierung\n\t\t\t\t<\/figcaption><\/figure><figure class='gallery-item'>\n\t\t\t<div class='gallery-icon landscape'>\n\t\t\t\t<a  href='https:\/\/www.elementa-uitikon.ch\/terra\/wp-content\/uploads\/2025\/10\/Uitikon_Int06_Final_01_web-scaled.jpg'><img loading=\"lazy\" decoding=\"async\" width=\"2560\" height=\"1440\" src=\"https:\/\/www.elementa-uitikon.ch\/terra\/wp-content\/uploads\/2025\/10\/Uitikon_Int06_Final_01_web-scaled.jpg\" class=\"attachment-full size-full\" alt=\"\" aria-describedby=\"gallery-1-1606\" srcset=\"https:\/\/www.elementa-uitikon.ch\/terra\/wp-content\/uploads\/2025\/10\/Uitikon_Int06_Final_01_web-scaled.jpg 2560w, https:\/\/www.elementa-uitikon.ch\/terra\/wp-content\/uploads\/2025\/10\/Uitikon_Int06_Final_01_web-300x169.jpg 300w, https:\/\/www.elementa-uitikon.ch\/terra\/wp-content\/uploads\/2025\/10\/Uitikon_Int06_Final_01_web-1024x576.jpg 1024w, https:\/\/www.elementa-uitikon.ch\/terra\/wp-content\/uploads\/2025\/10\/Uitikon_Int06_Final_01_web-768x432.jpg 768w, https:\/\/www.elementa-uitikon.ch\/terra\/wp-content\/uploads\/2025\/10\/Uitikon_Int06_Final_01_web-1536x864.jpg 1536w, https:\/\/www.elementa-uitikon.ch\/terra\/wp-content\/uploads\/2025\/10\/Uitikon_Int06_Final_01_web-2048x1152.jpg 2048w\" sizes=\"(max-width: 2560px) 100vw, 2560px\" \/><\/a>\n\t\t\t<\/div>\n\t\t\t\t<figcaption class='wp-caption-text gallery-caption' id='gallery-1-1606'>\n\t\t\t\tMaisonettewohnung A2 |  Ebene 3\n\t\t\t\t<\/figcaption><\/figure><figure class='gallery-item'>\n\t\t\t<div class='gallery-icon landscape'>\n\t\t\t\t<a  href='https:\/\/www.elementa-uitikon.ch\/terra\/wp-content\/uploads\/2025\/10\/Uitikon_Ext05_Final_03_web-1-scaled.jpg'><img loading=\"lazy\" decoding=\"async\" width=\"2560\" height=\"1707\" src=\"https:\/\/www.elementa-uitikon.ch\/terra\/wp-content\/uploads\/2025\/10\/Uitikon_Ext05_Final_03_web-1-scaled.jpg\" class=\"attachment-full size-full\" alt=\"\" aria-describedby=\"gallery-1-1607\" srcset=\"https:\/\/www.elementa-uitikon.ch\/terra\/wp-content\/uploads\/2025\/10\/Uitikon_Ext05_Final_03_web-1-scaled.jpg 2560w, https:\/\/www.elementa-uitikon.ch\/terra\/wp-content\/uploads\/2025\/10\/Uitikon_Ext05_Final_03_web-1-300x200.jpg 300w, https:\/\/www.elementa-uitikon.ch\/terra\/wp-content\/uploads\/2025\/10\/Uitikon_Ext05_Final_03_web-1-1024x683.jpg 1024w, https:\/\/www.elementa-uitikon.ch\/terra\/wp-content\/uploads\/2025\/10\/Uitikon_Ext05_Final_03_web-1-768x512.jpg 768w, https:\/\/www.elementa-uitikon.ch\/terra\/wp-content\/uploads\/2025\/10\/Uitikon_Ext05_Final_03_web-1-1536x1024.jpg 1536w, https:\/\/www.elementa-uitikon.ch\/terra\/wp-content\/uploads\/2025\/10\/Uitikon_Ext05_Final_03_web-1-2048x1366.jpg 2048w\" sizes=\"(max-width: 2560px) 100vw, 2560px\" \/><\/a>\n\t\t\t<\/div>\n\t\t\t\t<figcaption class='wp-caption-text gallery-caption' id='gallery-1-1607'>\n\t\t\t\tMaisonettewohnung B1 |  Ebene 1\/2\n\t\t\t\t<\/figcaption><\/figure><figure class='gallery-item'>\n\t\t\t<div class='gallery-icon landscape'>\n\t\t\t\t<a  href='https:\/\/www.elementa-uitikon.ch\/terra\/wp-content\/uploads\/2025\/10\/Uitikon_Ext01_Final_04_web-1-scaled.jpg'><img loading=\"lazy\" decoding=\"async\" width=\"2560\" height=\"1439\" src=\"https:\/\/www.elementa-uitikon.ch\/terra\/wp-content\/uploads\/2025\/10\/Uitikon_Ext01_Final_04_web-1-scaled.jpg\" class=\"attachment-full size-full\" alt=\"\" aria-describedby=\"gallery-1-1608\" srcset=\"https:\/\/www.elementa-uitikon.ch\/terra\/wp-content\/uploads\/2025\/10\/Uitikon_Ext01_Final_04_web-1-scaled.jpg 2560w, https:\/\/www.elementa-uitikon.ch\/terra\/wp-content\/uploads\/2025\/10\/Uitikon_Ext01_Final_04_web-1-300x169.jpg 300w, https:\/\/www.elementa-uitikon.ch\/terra\/wp-content\/uploads\/2025\/10\/Uitikon_Ext01_Final_04_web-1-1024x575.jpg 1024w, https:\/\/www.elementa-uitikon.ch\/terra\/wp-content\/uploads\/2025\/10\/Uitikon_Ext01_Final_04_web-1-768x432.jpg 768w, https:\/\/www.elementa-uitikon.ch\/terra\/wp-content\/uploads\/2025\/10\/Uitikon_Ext01_Final_04_web-1-1536x863.jpg 1536w, https:\/\/www.elementa-uitikon.ch\/terra\/wp-content\/uploads\/2025\/10\/Uitikon_Ext01_Final_04_web-1-2048x1151.jpg 2048w\" sizes=\"(max-width: 2560px) 100vw, 2560px\" \/><\/a>\n\t\t\t<\/div>\n\t\t\t\t<figcaption class='wp-caption-text gallery-caption' id='gallery-1-1608'>\n\t\t\t\tELEMENTA | Luftaufnahme\n\t\t\t\t<\/figcaption><\/figure>\n\t\t<\/div>\n\t\t<\/div>\n\t\t\t\t\t\t<\/div>\n\t\t\t\t<div class=\"elementor-element elementor-element-19b44ac elementor-widget elementor-widget-html\" data-id=\"19b44ac\" data-element_type=\"widget\" data-e-type=\"widget\" data-widget_type=\"html.default\">\n\t\t\t\t\t<script>\ndocument.addEventListener('DOMContentLoaded', function() {\n var galleryImages = document.querySelectorAll('.gallery-item'); \n\n if (galleryImages.length > 9) {\n for (var i = 9; i < galleryImages.length; i++) {\n galleryImages[i].style.display = 'none';\n }\n }\n });\n \n \n <\/script>\t\t\t\t<\/div>\n\t\t\t\t<\/div>\n\t\t\t\t\t<\/div>\n\t\t\t\t<\/div>\n\t\t\t\t<\/div>\n\t\t","protected":false},"excerpt":{"rendered":"<p>Lassen Sie sich von \u00abTERRA\u00bb inspirieren impressionen Entdecken Sie \u00abTERRA\u00bb in Bildern: Erleben Sie stilvolles Wohnen mit architektonischer Klarheit. \u00abTERRA\u00bb bietet eine Auswahl an eleganten Wohnungen \u2013 alle mit sorgf\u00e4ltig komponierten Grundrissen, hochwertigen Materialien und grossz\u00fcgig gestalteten Aussenbereichen. Ein Zuhause, das Exklusivit\u00e4t, Natur und Stadtn\u00e4he harmonisch miteinander verbindet. Maisonettewohnung A1 | Ebene 2 ELEMENTA | [&hellip;]<\/p>\n","protected":false},"author":1,"featured_media":0,"parent":0,"menu_order":0,"comment_status":"closed","ping_status":"closed","template":"","meta":{"footnotes":""},"class_list":["post-314","page","type-page","status-publish","hentry"],"_links":{"self":[{"href":"https:\/\/www.elementa-uitikon.ch\/terra\/wp-json\/wp\/v2\/pages\/314","targetHints":{"allow":["GET"]}}],"collection":[{"href":"https:\/\/www.elementa-uitikon.ch\/terra\/wp-json\/wp\/v2\/pages"}],"about":[{"href":"https:\/\/www.elementa-uitikon.ch\/terra\/wp-json\/wp\/v2\/types\/page"}],"author":[{"embeddable":true,"href":"https:\/\/www.elementa-uitikon.ch\/terra\/wp-json\/wp\/v2\/users\/1"}],"replies":[{"embeddable":true,"href":"https:\/\/www.elementa-uitikon.ch\/terra\/wp-json\/wp\/v2\/comments?post=314"}],"version-history":[{"count":94,"href":"https:\/\/www.elementa-uitikon.ch\/terra\/wp-json\/wp\/v2\/pages\/314\/revisions"}],"predecessor-version":[{"id":1659,"href":"https:\/\/www.elementa-uitikon.ch\/terra\/wp-json\/wp\/v2\/pages\/314\/revisions\/1659"}],"wp:attachment":[{"href":"https:\/\/www.elementa-uitikon.ch\/terra\/wp-json\/wp\/v2\/media?parent=314"}],"curies":[{"name":"wp","href":"https:\/\/api.w.org\/{rel}","templated":true}]}}